{"id":119,"date":"2016-10-19T21:42:45","date_gmt":"2016-10-19T21:42:45","guid":{"rendered":"http:\/\/singavet.pt\/sg\/?page_id=119"},"modified":"2024-10-28T17:57:51","modified_gmt":"2024-10-28T17:57:51","slug":"home","status":"publish","type":"page","link":"https:\/\/singavet.pt\/sg\/","title":{"rendered":"Home"},"content":{"rendered":"<div id=\"pl-119\"  class=\"panel-layout\" ><div id=\"pg-119-0\"  class=\"panel-grid panel-has-style\" ><div class=\"panel-row-style panel-row-style-for-119-0\" ><div id=\"pgc-119-0-0\"  class=\"panel-grid-cell\" ><div id=\"panel-119-0-0-0\" class=\"so-panel widget widget_sow-slider panel-first-child\" data-index=\"0\" ><div\n\t\t\t\n\t\t\tclass=\"so-widget-sow-slider so-widget-sow-slider-default-6d39609536fd-119\"\n\t\t\t\n\t\t>\t\t\t\t<div class=\"sow-slider-base\" style=\"display: none\" tabindex=\"0\">\n\t\t\t\t\t<ul\n\t\t\t\t\tclass=\"sow-slider-images\"\n\t\t\t\t\tdata-settings=\"{&quot;pagination&quot;:true,&quot;speed&quot;:800,&quot;timeout&quot;:8000,&quot;paused&quot;:false,&quot;pause_on_hover&quot;:false,&quot;swipe&quot;:true,&quot;nav_always_show_desktop&quot;:&quot;&quot;,&quot;nav_always_show_mobile&quot;:&quot;&quot;,&quot;breakpoint&quot;:&quot;780px&quot;,&quot;unmute&quot;:false,&quot;anchor&quot;:null}\"\n\t\t\t\t\t\t\t\t\t\tdata-anchor-id=\"\"\n\t\t\t\t><\/ul>\t\t\t\t<ol class=\"sow-slider-pagination\">\n\t\t\t\t\t\t\t\t\t<\/ol>\n\n\t\t\t\t<div class=\"sow-slide-nav sow-slide-nav-next\">\n\t\t\t\t\t<a href=\"#\" data-goto=\"next\" aria-label=\"Next slide\" data-action=\"next\">\n\t\t\t\t\t\t<em class=\"sow-sld-icon-thin-right\"><\/em>\n\t\t\t\t\t<\/a>\n\t\t\t\t<\/div>\n\n\t\t\t\t<div class=\"sow-slide-nav sow-slide-nav-prev\">\n\t\t\t\t\t<a href=\"#\" data-goto=\"previous\" aria-label=\"Previous slide\" data-action=\"prev\">\n\t\t\t\t\t\t<em class=\"sow-sld-icon-thin-left\"><\/em>\n\t\t\t\t\t<\/a>\n\t\t\t\t<\/div>\n\t\t\t\t<\/div><\/div><\/div><div id=\"panel-119-0-0-1\" class=\"so-panel widget widget_sow-editor panel-last-child\" data-index=\"1\" ><div\n\t\t\t\n\t\t\tclass=\"so-widget-sow-editor so-widget-sow-editor-base\"\n\t\t\t\n\t\t>\n<div class=\"siteorigin-widget-tinymce textwidget\">\n\t<h1 style=\"text-align: center;\">Centro Veterin\u00e1rio <span style=\"color: #cdae12;\">Singavet<\/span><\/h1>\n<p style=\"text-align: center;\">O Centro Veterin\u00e1rio Singavet surgiu como um projeto<br \/>\npensado para dar resposta \u00e0s solicita\u00e7\u00f5es cada vez mais atuais que se perspectivam na Medicina Veterin\u00e1ria.<\/p>\n<p style=\"text-align: center;\">Com uma equipa jovem, din\u00e2mica e em constante evolu\u00e7\u00e3o, dispondo do mais actual equipamento m\u00e9dico,<br \/>\npropomo-nos a fazer o melhor pelos nossos melhores amigos \u2013 Os Animais.<\/p>\n<\/div>\n<\/div><\/div><\/div><\/div><\/div><div id=\"pg-119-1\"  class=\"panel-grid panel-has-style\" ><div class=\"siteorigin-panels-stretch panel-row-style panel-row-style-for-119-1\" data-stretch-type=\"full-width-stretch\" ><div id=\"pgc-119-1-0\"  class=\"panel-grid-cell panel-grid-cell-empty\" ><\/div><div id=\"pgc-119-1-1\"  class=\"panel-grid-cell\" ><div id=\"panel-119-1-1-0\" class=\"so-panel widget widget_sow-editor panel-first-child panel-last-child\" data-index=\"2\" ><div class=\"panel-widget-style panel-widget-style-for-119-1-1-0\" ><div\n\t\t\t\n\t\t\tclass=\"so-widget-sow-editor so-widget-sow-editor-base\"\n\t\t\t\n\t\t>\n<div class=\"siteorigin-widget-tinymce textwidget\">\n\t<p><a href=\"https:\/\/goo.gl\/maps\/EsqshsyRx85pPBC79\"><img loading=\"lazy\" decoding=\"async\" class=\"wp-image-582 aligncenter\" src=\"https:\/\/singavet.pt\/sg\/wp-content\/uploads\/2020\/01\/maps-1-300x300.png\" alt=\"\" width=\"81\" height=\"81\" srcset=\"https:\/\/singavet.pt\/sg\/wp-content\/uploads\/2020\/01\/maps-1-300x300.png 300w, https:\/\/singavet.pt\/sg\/wp-content\/uploads\/2020\/01\/maps-1-150x150.png 150w, https:\/\/singavet.pt\/sg\/wp-content\/uploads\/2020\/01\/maps-1-768x766.png 768w, https:\/\/singavet.pt\/sg\/wp-content\/uploads\/2020\/01\/maps-1-270x270.png 270w, https:\/\/singavet.pt\/sg\/wp-content\/uploads\/2020\/01\/maps-1-230x230.png 230w, https:\/\/singavet.pt\/sg\/wp-content\/uploads\/2020\/01\/maps-1-400x400.png 400w, https:\/\/singavet.pt\/sg\/wp-content\/uploads\/2020\/01\/maps-1.png 854w\" sizes=\"auto, (max-width: 81px) 100vw, 81px\" \/><\/a><\/p>\n<h4 class=\"q_team_name\" style=\"text-align: center;\"><span style=\"color: #22b500;\">ATENDIMENTO<\/span><\/h4>\n<p style=\"text-align: center;\">De Segunda a Sexta:<br \/>\n09:30h - 13:00h | 15:00h - 18:30h<br \/>\nS\u00e1bados: 09:30h - 13:00h<\/p>\n<\/div>\n<\/div><\/div><\/div><\/div><div id=\"pgc-119-1-2\"  class=\"panel-grid-cell panel-grid-cell-mobile-last\" ><div id=\"panel-119-1-2-0\" class=\"so-panel widget widget_sow-editor panel-first-child panel-last-child\" data-index=\"3\" ><div class=\"panel-widget-style panel-widget-style-for-119-1-2-0\" ><div\n\t\t\t\n\t\t\tclass=\"so-widget-sow-editor so-widget-sow-editor-base\"\n\t\t\t\n\t\t>\n<div class=\"siteorigin-widget-tinymce textwidget\">\n\t<p><a href=\"sms:+351960128079\"><img loading=\"lazy\" decoding=\"async\" class=\"aligncenter wp-image-473\" src=\"https:\/\/singavet.pt\/sg\/wp-content\/uploads\/2020\/01\/chat-300x300.png\" alt=\"\" width=\"80\" height=\"80\" srcset=\"https:\/\/singavet.pt\/sg\/wp-content\/uploads\/2020\/01\/chat-300x300.png 300w, https:\/\/singavet.pt\/sg\/wp-content\/uploads\/2020\/01\/chat-150x150.png 150w, https:\/\/singavet.pt\/sg\/wp-content\/uploads\/2020\/01\/chat-270x270.png 270w, https:\/\/singavet.pt\/sg\/wp-content\/uploads\/2020\/01\/chat-230x230.png 230w, https:\/\/singavet.pt\/sg\/wp-content\/uploads\/2020\/01\/chat-400x400.png 400w, https:\/\/singavet.pt\/sg\/wp-content\/uploads\/2020\/01\/chat.png 512w\" sizes=\"auto, (max-width: 80px) 100vw, 80px\" \/><\/a><\/p>\n<h4 class=\"q_team_name\" style=\"text-align: center;\"><span style=\"color: #22b500;\">SERVI\u00c7O SMS<\/span><\/h4>\n<p style=\"text-align: center;\">Estamos \u00e0 dist\u00e2ncia de uma mensagem<\/p>\n<\/div>\n<\/div><\/div><\/div><\/div><div id=\"pgc-119-1-3\"  class=\"panel-grid-cell panel-grid-cell-empty\" ><\/div><\/div><\/div><div id=\"pg-119-2\"  class=\"panel-grid panel-has-style\" ><div id=\"contact\" class=\"panel-row-style panel-row-style-for-119-2\" ><div id=\"pgc-119-2-0\"  class=\"panel-grid-cell\" ><div id=\"panel-119-2-0-0\" class=\"so-panel widget widget_sow-headline panel-first-child\" data-index=\"4\" ><div\n\t\t\t\n\t\t\tclass=\"so-widget-sow-headline so-widget-sow-headline-default-10577c78569c-119 so-widget-fittext-wrapper\"\n\t\t\t data-fit-text-compressor=\"0.85\"\n\t\t><div class=\"sow-headline-container \">\n\t\t\t\t\t\t\t<h1 class=\"sow-headline\">\n\t\t\t\t\t\tPR\u00c9-MARCA\u00c7\u00d5ES ONLINE\t\t\t\t\t\t<\/h1>\n\t\t\t\t\t\t\t\t\t\t\t\t<p class=\"sow-sub-headline\">\n\t\t\t\t\t\tFa\u00e7a a sua pr\u00e9-marca\u00e7\u00e3o de consulta atrav\u00e9s deste formul\u00e1rio\t\t\t\t\t\t<\/p>\n\t\t\t\t\t\t<\/div>\n<\/div><\/div><div id=\"panel-119-2-0-1\" class=\"so-panel widget widget_sow-button panel-last-child\" data-index=\"5\" ><div\n\t\t\t\n\t\t\tclass=\"so-widget-sow-button so-widget-sow-button-wire-b3fccabeeef7-119\"\n\t\t\t\n\t\t><div class=\"ow-button-base ow-button-align-center\"\n>\n\t\t\t<a\n\t\t\t\t\thref=\"https:\/\/singavet.pt\/sg\/contatos\/\"\n\t\t\t\t\tclass=\"sowb-button ow-icon-placement-left ow-button-hover\" \t>\n\t\t<span>\n\t\t\t\n\t\t\tpr\u00e9-marca\u00e7\u00e3o\t\t<\/span>\n\t\t\t<\/a>\n\t<\/div>\n<\/div><\/div><\/div><\/div><\/div><div id=\"pg-119-3\"  class=\"panel-grid panel-has-style\" ><div class=\"siteorigin-panels-stretch panel-row-style panel-row-style-for-119-3\" data-stretch-type=\"full\" ><div id=\"pgc-119-3-0\"  class=\"panel-grid-cell\" ><div id=\"panel-119-3-0-0\" class=\"so-panel widget widget_sow-image panel-first-child\" data-index=\"6\" ><div\n\t\t\t\n\t\t\tclass=\"so-widget-sow-image so-widget-sow-image-default-8b5b6f678277-119\"\n\t\t\t\n\t\t>\n<div class=\"sow-image-container\">\n\t\t<img \n\tsrc=\"https:\/\/singavet.pt\/sg\/wp-content\/uploads\/2023\/03\/equipa_.png\" width=\"1000\" height=\"668\" srcset=\"https:\/\/singavet.pt\/sg\/wp-content\/uploads\/2023\/03\/equipa_.png 1000w, https:\/\/singavet.pt\/sg\/wp-content\/uploads\/2023\/03\/equipa_-300x200.png 300w, https:\/\/singavet.pt\/sg\/wp-content\/uploads\/2023\/03\/equipa_-768x513.png 768w, https:\/\/singavet.pt\/sg\/wp-content\/uploads\/2023\/03\/equipa_-272x182.png 272w\" sizes=\"(max-width: 1000px) 100vw, 1000px\" alt=\"\" \t\tclass=\"so-widget-image\"\/>\n\t<\/div>\n\n<\/div><\/div><div id=\"panel-119-3-0-1\" class=\"so-panel widget widget_sow-editor panel-last-child\" data-index=\"7\" ><div\n\t\t\t\n\t\t\tclass=\"so-widget-sow-editor so-widget-sow-editor-base\"\n\t\t\t\n\t\t>\n<div class=\"siteorigin-widget-tinymce textwidget\">\n\t<h3 class=\"q_team_name\" style=\"text-align: center;\"><a href=\"https:\/\/singavet.pt\/sg\/centro-veterinario\/equipa\/\">A NOSSA EQUIPA<\/a><\/h3>\n<p style=\"text-align: center;\">Uma equipa jovem, s\u00f3lida e din\u00e2mica<\/p>\n<\/div>\n<\/div><\/div><\/div><div id=\"pgc-119-3-1\"  class=\"panel-grid-cell\" ><div id=\"panel-119-3-1-0\" class=\"so-panel widget widget_sow-image panel-first-child\" data-index=\"8\" ><div\n\t\t\t\n\t\t\tclass=\"so-widget-sow-image so-widget-sow-image-default-8b5b6f678277-119\"\n\t\t\t\n\t\t>\n<div class=\"sow-image-container\">\n\t\t<img \n\tsrc=\"https:\/\/singavet.pt\/sg\/wp-content\/uploads\/2020\/01\/instalacoes.png\" width=\"1000\" height=\"668\" srcset=\"https:\/\/singavet.pt\/sg\/wp-content\/uploads\/2020\/01\/instalacoes.png 1000w, https:\/\/singavet.pt\/sg\/wp-content\/uploads\/2020\/01\/instalacoes-300x200.png 300w, https:\/\/singavet.pt\/sg\/wp-content\/uploads\/2020\/01\/instalacoes-768x513.png 768w, https:\/\/singavet.pt\/sg\/wp-content\/uploads\/2020\/01\/instalacoes-272x182.png 272w\" sizes=\"(max-width: 1000px) 100vw, 1000px\" alt=\"\" \t\tclass=\"so-widget-image\"\/>\n\t<\/div>\n\n<\/div><\/div><div id=\"panel-119-3-1-1\" class=\"so-panel widget widget_sow-editor panel-last-child\" data-index=\"9\" ><div\n\t\t\t\n\t\t\tclass=\"so-widget-sow-editor so-widget-sow-editor-base\"\n\t\t\t\n\t\t>\n<div class=\"siteorigin-widget-tinymce textwidget\">\n\t<h3 class=\"q_team_name\" style=\"text-align: center;\"><a href=\"https:\/\/singavet.pt\/sg\/centro-veterinario\/instalacoes\/\">INSTALA\u00c7\u00d5ES<\/a><\/h3>\n<p style=\"text-align: center;\">Equipada com tecnologia moderna<\/p>\n<\/div>\n<\/div><\/div><\/div><div id=\"pgc-119-3-2\"  class=\"panel-grid-cell\" ><div id=\"panel-119-3-2-0\" class=\"so-panel widget widget_sow-image panel-first-child\" data-index=\"10\" ><div\n\t\t\t\n\t\t\tclass=\"so-widget-sow-image so-widget-sow-image-default-8b5b6f678277-119\"\n\t\t\t\n\t\t>\n<div class=\"sow-image-container\">\n\t\t<img \n\tsrc=\"https:\/\/singavet.pt\/sg\/wp-content\/uploads\/2020\/01\/servicos.png\" width=\"1000\" height=\"665\" srcset=\"https:\/\/singavet.pt\/sg\/wp-content\/uploads\/2020\/01\/servicos.png 1000w, https:\/\/singavet.pt\/sg\/wp-content\/uploads\/2020\/01\/servicos-300x200.png 300w, https:\/\/singavet.pt\/sg\/wp-content\/uploads\/2020\/01\/servicos-768x511.png 768w, https:\/\/singavet.pt\/sg\/wp-content\/uploads\/2020\/01\/servicos-272x182.png 272w\" sizes=\"(max-width: 1000px) 100vw, 1000px\" alt=\"\" \t\tclass=\"so-widget-image\"\/>\n\t<\/div>\n\n<\/div><\/div><div id=\"panel-119-3-2-1\" class=\"so-panel widget widget_sow-editor panel-last-child\" data-index=\"11\" ><div\n\t\t\t\n\t\t\tclass=\"so-widget-sow-editor so-widget-sow-editor-base\"\n\t\t\t\n\t\t>\n<div class=\"siteorigin-widget-tinymce textwidget\">\n\t<h3 class=\"q_team_name\" style=\"text-align: center;\"><a href=\"https:\/\/singavet.pt\/sg\/servicos-2\/\">SERVI\u00c7OS<\/a><\/h3>\n<p style=\"text-align: center;\">Servi\u00e7os cl\u00ednicos de alta qualidade<\/p>\n<\/div>\n<\/div><\/div><\/div><\/div><\/div><div id=\"pg-119-4\"  class=\"panel-grid panel-has-style\" ><div class=\"siteorigin-panels-stretch panel-row-style panel-row-style-for-119-4\" id=\"contact-3\" data-stretch-type=\"full\" ><div id=\"pgc-119-4-0\"  class=\"panel-grid-cell\" ><div id=\"panel-119-4-0-0\" class=\"so-panel widget widget_text panel-first-child panel-last-child\" data-index=\"12\" >\t\t\t<div class=\"textwidget\"><iframe loading=\"lazy\" src=\"https:\/\/www.google.com\/maps\/d\/u\/1\/embed?mid=1GX9pfSIRLqz5O8B6uQ044sf2l7c\" width=\"100%\" height=\"542px\"><\/iframe><\/div>\n\t\t<\/div><\/div><\/div><\/div><\/div>","protected":false},"excerpt":{"rendered":"<p>Centro Veterin\u00e1rio Singavet O Centro Veterin\u00e1rio Singavet surgiu como um projeto pensado para dar resposta \u00e0s solicita\u00e7\u00f5es cada vez mais atuais que se perspectivam na Medicina Veterin\u00e1ria. Com uma equipa jovem, din\u00e2mica e em constante evolu\u00e7\u00e3o, dispondo do mais actual<\/p>\n","protected":false},"author":2,"featured_media":0,"parent":0,"menu_order":1,"comment_status":"closed","ping_status":"closed","template":"page-templates\/page-builder.php","meta":{"footnotes":""},"class_list":["post-119","page","type-page","status-publish","hentry"],"_links":{"self":[{"href":"https:\/\/singavet.pt\/sg\/wp-json\/wp\/v2\/pages\/119","targetHints":{"allow":["GET"]}}],"collection":[{"href":"https:\/\/singavet.pt\/sg\/wp-json\/wp\/v2\/pages"}],"about":[{"href":"https:\/\/singavet.pt\/sg\/wp-json\/wp\/v2\/types\/page"}],"author":[{"embeddable":true,"href":"https:\/\/singavet.pt\/sg\/wp-json\/wp\/v2\/users\/2"}],"replies":[{"embeddable":true,"href":"https:\/\/singavet.pt\/sg\/wp-json\/wp\/v2\/comments?post=119"}],"version-history":[{"count":249,"href":"https:\/\/singavet.pt\/sg\/wp-json\/wp\/v2\/pages\/119\/revisions"}],"predecessor-version":[{"id":672,"href":"https:\/\/singavet.pt\/sg\/wp-json\/wp\/v2\/pages\/119\/revisions\/672"}],"wp:attachment":[{"href":"https:\/\/singavet.pt\/sg\/wp-json\/wp\/v2\/media?parent=119"}],"curies":[{"name":"wp","href":"https:\/\/api.w.org\/{rel}","templated":true}]}}