{"id":20,"date":"2016-05-09T19:33:01","date_gmt":"2016-05-09T19:33:01","guid":{"rendered":"http:\/\/singavet.pt\/sg\/?page_id=20"},"modified":"2019-05-01T09:58:49","modified_gmt":"2019-05-01T09:58:49","slug":"instalacoes","status":"publish","type":"page","link":"https:\/\/singavet.pt\/sg\/centro-veterinario\/instalacoes\/","title":{"rendered":"As Instala\u00e7\u00f5es"},"content":{"rendered":"<div id=\"pl-20\"  class=\"panel-layout\" ><div id=\"pg-20-0\"  class=\"panel-grid panel-no-style\" ><div id=\"pgc-20-0-0\"  class=\"panel-grid-cell\" ><div id=\"panel-20-0-0-0\" class=\"so-panel widget widget_sow-image panel-first-child\" data-index=\"0\" ><div\n\t\t\t\n\t\t\tclass=\"so-widget-sow-image so-widget-sow-image-default-8b5b6f678277-20\"\n\t\t\t\n\t\t>\n<div class=\"sow-image-container\">\n\t\t<img \n\tsrc=\"https:\/\/singavet.pt\/sg\/wp-content\/uploads\/2016\/05\/Recep\u00e7\u00e3o-400x400.jpg\" width=\"400\" height=\"400\" srcset=\"https:\/\/singavet.pt\/sg\/wp-content\/uploads\/2016\/05\/Recep\u00e7\u00e3o-400x400.jpg 400w, https:\/\/singavet.pt\/sg\/wp-content\/uploads\/2016\/05\/Recep\u00e7\u00e3o-150x150.jpg 150w, https:\/\/singavet.pt\/sg\/wp-content\/uploads\/2016\/05\/Recep\u00e7\u00e3o-270x270.jpg 270w, https:\/\/singavet.pt\/sg\/wp-content\/uploads\/2016\/05\/Recep\u00e7\u00e3o-230x230.jpg 230w\" sizes=\"(max-width: 400px) 100vw, 400px\" title=\"Recep\u00e7\u00e3o\" alt=\"\" \t\tclass=\"so-widget-image\"\/>\n\t<\/div>\n\n<h3 class=\"widget-title\">Recep\u00e7\u00e3o<\/h3><\/div><\/div><div id=\"panel-20-0-0-1\" class=\"so-panel widget widget_sow-image\" data-index=\"1\" ><div\n\t\t\t\n\t\t\tclass=\"so-widget-sow-image so-widget-sow-image-default-8b5b6f678277-20\"\n\t\t\t\n\t\t>\n<div class=\"sow-image-container\">\n\t\t<img \n\tsrc=\"https:\/\/singavet.pt\/sg\/wp-content\/uploads\/2016\/05\/Preparat\u00f3rio-400x400.jpg\" width=\"400\" height=\"400\" srcset=\"https:\/\/singavet.pt\/sg\/wp-content\/uploads\/2016\/05\/Preparat\u00f3rio-400x400.jpg 400w, https:\/\/singavet.pt\/sg\/wp-content\/uploads\/2016\/05\/Preparat\u00f3rio-150x150.jpg 150w, https:\/\/singavet.pt\/sg\/wp-content\/uploads\/2016\/05\/Preparat\u00f3rio-270x270.jpg 270w, https:\/\/singavet.pt\/sg\/wp-content\/uploads\/2016\/05\/Preparat\u00f3rio-230x230.jpg 230w\" sizes=\"(max-width: 400px) 100vw, 400px\" title=\"Preparat\u00f3rio\" alt=\"\" \t\tclass=\"so-widget-image\"\/>\n\t<\/div>\n\n<h3 class=\"widget-title\">Preparat\u00f3rio<\/h3><\/div><\/div><div id=\"panel-20-0-0-2\" class=\"so-panel widget widget_sow-image panel-last-child\" data-index=\"2\" ><div\n\t\t\t\n\t\t\tclass=\"so-widget-sow-image so-widget-sow-image-default-8b5b6f678277-20\"\n\t\t\t\n\t\t>\n<div class=\"sow-image-container\">\n\t\t<img \n\tsrc=\"https:\/\/singavet.pt\/sg\/wp-content\/uploads\/2016\/05\/Laborat\u00f3rio-400x400.jpg\" width=\"400\" height=\"400\" srcset=\"https:\/\/singavet.pt\/sg\/wp-content\/uploads\/2016\/05\/Laborat\u00f3rio-400x400.jpg 400w, https:\/\/singavet.pt\/sg\/wp-content\/uploads\/2016\/05\/Laborat\u00f3rio-150x150.jpg 150w, https:\/\/singavet.pt\/sg\/wp-content\/uploads\/2016\/05\/Laborat\u00f3rio-270x270.jpg 270w, https:\/\/singavet.pt\/sg\/wp-content\/uploads\/2016\/05\/Laborat\u00f3rio-230x230.jpg 230w\" sizes=\"(max-width: 400px) 100vw, 400px\" title=\"Laborat\u00f3rio\" alt=\"\" \t\tclass=\"so-widget-image\"\/>\n\t<\/div>\n\n<h3 class=\"widget-title\">Laborat\u00f3rio<\/h3><\/div><\/div><\/div><div id=\"pgc-20-0-1\"  class=\"panel-grid-cell\" ><div id=\"panel-20-0-1-0\" class=\"so-panel widget widget_sow-image panel-first-child\" data-index=\"3\" ><div\n\t\t\t\n\t\t\tclass=\"so-widget-sow-image so-widget-sow-image-default-8b5b6f678277-20\"\n\t\t\t\n\t\t>\n<div class=\"sow-image-container\">\n\t\t<img \n\tsrc=\"https:\/\/singavet.pt\/sg\/wp-content\/uploads\/2016\/05\/Consult\u00f3rio-1-400x400.jpg\" width=\"400\" height=\"400\" srcset=\"https:\/\/singavet.pt\/sg\/wp-content\/uploads\/2016\/05\/Consult\u00f3rio-1-400x400.jpg 400w, https:\/\/singavet.pt\/sg\/wp-content\/uploads\/2016\/05\/Consult\u00f3rio-1-150x150.jpg 150w, https:\/\/singavet.pt\/sg\/wp-content\/uploads\/2016\/05\/Consult\u00f3rio-1-270x270.jpg 270w, https:\/\/singavet.pt\/sg\/wp-content\/uploads\/2016\/05\/Consult\u00f3rio-1-230x230.jpg 230w\" sizes=\"(max-width: 400px) 100vw, 400px\" title=\"Consult\u00f3rio\" alt=\"\" \t\tclass=\"so-widget-image\"\/>\n\t<\/div>\n\n<h3 class=\"widget-title\">Consult\u00f3rio<\/h3><\/div><\/div><div id=\"panel-20-0-1-1\" class=\"so-panel widget widget_sow-image\" data-index=\"4\" ><div\n\t\t\t\n\t\t\tclass=\"so-widget-sow-image so-widget-sow-image-default-8b5b6f678277-20\"\n\t\t\t\n\t\t>\n<div class=\"sow-image-container\">\n\t\t<img \n\tsrc=\"https:\/\/singavet.pt\/sg\/wp-content\/uploads\/2016\/05\/Sala-Cirurgia-400x400.jpg\" width=\"400\" height=\"400\" srcset=\"https:\/\/singavet.pt\/sg\/wp-content\/uploads\/2016\/05\/Sala-Cirurgia-400x400.jpg 400w, https:\/\/singavet.pt\/sg\/wp-content\/uploads\/2016\/05\/Sala-Cirurgia-150x150.jpg 150w, https:\/\/singavet.pt\/sg\/wp-content\/uploads\/2016\/05\/Sala-Cirurgia-270x270.jpg 270w, https:\/\/singavet.pt\/sg\/wp-content\/uploads\/2016\/05\/Sala-Cirurgia-230x230.jpg 230w\" sizes=\"(max-width: 400px) 100vw, 400px\" title=\"Sala Cirurgia\" alt=\"\" \t\tclass=\"so-widget-image\"\/>\n\t<\/div>\n\n<h3 class=\"widget-title\">Sala Cirurgia<\/h3><\/div><\/div><div id=\"panel-20-0-1-2\" class=\"so-panel widget widget_sow-image panel-last-child\" data-index=\"5\" ><div\n\t\t\t\n\t\t\tclass=\"so-widget-sow-image so-widget-sow-image-default-8b5b6f678277-20\"\n\t\t\t\n\t\t>\n<div class=\"sow-image-container\">\n\t\t<img \n\tsrc=\"https:\/\/singavet.pt\/sg\/wp-content\/uploads\/2016\/05\/Laborat\u00f3rio--400x400.jpg\" width=\"400\" height=\"400\" srcset=\"https:\/\/singavet.pt\/sg\/wp-content\/uploads\/2016\/05\/Laborat\u00f3rio--400x400.jpg 400w, https:\/\/singavet.pt\/sg\/wp-content\/uploads\/2016\/05\/Laborat\u00f3rio--150x150.jpg 150w, https:\/\/singavet.pt\/sg\/wp-content\/uploads\/2016\/05\/Laborat\u00f3rio--270x270.jpg 270w, https:\/\/singavet.pt\/sg\/wp-content\/uploads\/2016\/05\/Laborat\u00f3rio--230x230.jpg 230w\" sizes=\"(max-width: 400px) 100vw, 400px\" title=\"Laborat\u00f3rio\" alt=\"\" \t\tclass=\"so-widget-image\"\/>\n\t<\/div>\n\n<h3 class=\"widget-title\">Laborat\u00f3rio<\/h3><\/div><\/div><\/div><div id=\"pgc-20-0-2\"  class=\"panel-grid-cell\" ><div id=\"panel-20-0-2-0\" class=\"so-panel widget widget_sow-image panel-first-child\" data-index=\"6\" ><div\n\t\t\t\n\t\t\tclass=\"so-widget-sow-image so-widget-sow-image-default-8b5b6f678277-20\"\n\t\t\t\n\t\t>\n<div class=\"sow-image-container\">\n\t\t<img \n\tsrc=\"https:\/\/singavet.pt\/sg\/wp-content\/uploads\/2016\/05\/Consult\u00f3rio-2-400x400.jpg\" width=\"400\" height=\"400\" srcset=\"https:\/\/singavet.pt\/sg\/wp-content\/uploads\/2016\/05\/Consult\u00f3rio-2-400x400.jpg 400w, https:\/\/singavet.pt\/sg\/wp-content\/uploads\/2016\/05\/Consult\u00f3rio-2-150x150.jpg 150w, https:\/\/singavet.pt\/sg\/wp-content\/uploads\/2016\/05\/Consult\u00f3rio-2-270x270.jpg 270w, https:\/\/singavet.pt\/sg\/wp-content\/uploads\/2016\/05\/Consult\u00f3rio-2-230x230.jpg 230w\" sizes=\"(max-width: 400px) 100vw, 400px\" title=\"Consult\u00f3rio\" alt=\"\" \t\tclass=\"so-widget-image\"\/>\n\t<\/div>\n\n<h3 class=\"widget-title\">Consult\u00f3rio<\/h3><\/div><\/div><div id=\"panel-20-0-2-1\" class=\"so-panel widget widget_sow-image\" data-index=\"7\" ><div\n\t\t\t\n\t\t\tclass=\"so-widget-sow-image so-widget-sow-image-default-8b5b6f678277-20\"\n\t\t\t\n\t\t>\n<div class=\"sow-image-container\">\n\t\t<img \n\tsrc=\"https:\/\/singavet.pt\/sg\/wp-content\/uploads\/2016\/05\/Sala-de-Imagiologia-400x400.jpg\" width=\"400\" height=\"400\" srcset=\"https:\/\/singavet.pt\/sg\/wp-content\/uploads\/2016\/05\/Sala-de-Imagiologia-400x400.jpg 400w, https:\/\/singavet.pt\/sg\/wp-content\/uploads\/2016\/05\/Sala-de-Imagiologia-150x150.jpg 150w, https:\/\/singavet.pt\/sg\/wp-content\/uploads\/2016\/05\/Sala-de-Imagiologia-270x270.jpg 270w, https:\/\/singavet.pt\/sg\/wp-content\/uploads\/2016\/05\/Sala-de-Imagiologia-230x230.jpg 230w\" sizes=\"(max-width: 400px) 100vw, 400px\" title=\"Sala de Imagiologia\" alt=\"\" \t\tclass=\"so-widget-image\"\/>\n\t<\/div>\n\n<h3 class=\"widget-title\">Sala de Imagiologia<\/h3><\/div><\/div><div id=\"panel-20-0-2-2\" class=\"so-panel widget widget_sow-image panel-last-child\" data-index=\"8\" ><div\n\t\t\t\n\t\t\tclass=\"so-widget-sow-image so-widget-sow-image-default-8b5b6f678277-20\"\n\t\t\t\n\t\t>\n<div class=\"sow-image-container\">\n\t\t<img \n\tsrc=\"https:\/\/singavet.pt\/sg\/wp-content\/uploads\/2016\/05\/Internamento-400x400.jpg\" width=\"400\" height=\"400\" srcset=\"https:\/\/singavet.pt\/sg\/wp-content\/uploads\/2016\/05\/Internamento-400x400.jpg 400w, https:\/\/singavet.pt\/sg\/wp-content\/uploads\/2016\/05\/Internamento-150x150.jpg 150w, https:\/\/singavet.pt\/sg\/wp-content\/uploads\/2016\/05\/Internamento-270x270.jpg 270w, https:\/\/singavet.pt\/sg\/wp-content\/uploads\/2016\/05\/Internamento-230x230.jpg 230w\" sizes=\"(max-width: 400px) 100vw, 400px\" title=\"Internamento\" alt=\"\" \t\tclass=\"so-widget-image\"\/>\n\t<\/div>\n\n<h3 class=\"widget-title\">Internamento<\/h3><\/div><\/div><\/div><\/div><div id=\"pg-20-1\"  class=\"panel-grid panel-no-style\" ><div id=\"pgc-20-1-0\"  class=\"panel-grid-cell\" ><div id=\"panel-20-1-0-0\" class=\"so-panel widget widget_sow-editor panel-first-child panel-last-child\" data-index=\"9\" ><div\n\t\t\t\n\t\t\tclass=\"so-widget-sow-editor so-widget-sow-editor-base\"\n\t\t\t\n\t\t>\n<div class=\"siteorigin-widget-tinymce textwidget\">\n\t<p style=\"text-align: justify;\">Com uma equipa jovem e din\u00e2minca, o centro m\u00e9dico veterin\u00e1rio disp\u00f5e de equipamentos e instala\u00e7\u00f5es modernas, onde se incluem dois consult\u00f3rios m\u00e9dicos, uma sala de radiologia, laborat\u00f3rio, sala de cirugia, sala de internamento geral, sala de internamento de infeto-contagiosos e rece\u00e7\u00e3o.<\/p>\n<\/div>\n<\/div><\/div><\/div><\/div><\/div>","protected":false},"excerpt":{"rendered":"<p>Com uma equipa jovem e din\u00e2minca, o centro m\u00e9dico veterin\u00e1rio disp\u00f5e de equipamentos e instala\u00e7\u00f5es modernas, onde se incluem dois consult\u00f3rios m\u00e9dicos, uma sala de radiologia, laborat\u00f3rio, sala de cirugia, sala de internamento geral, sala de internamento de infeto-contagiosos e<\/p>\n","protected":false},"author":2,"featured_media":0,"parent":4,"menu_order":0,"comment_status":"closed","ping_status":"closed","template":"","meta":{"footnotes":""},"class_list":["post-20","page","type-page","status-publish","hentry"],"_links":{"self":[{"href":"https:\/\/singavet.pt\/sg\/wp-json\/wp\/v2\/pages\/20","targetHints":{"allow":["GET"]}}],"collection":[{"href":"https:\/\/singavet.pt\/sg\/wp-json\/wp\/v2\/pages"}],"about":[{"href":"https:\/\/singavet.pt\/sg\/wp-json\/wp\/v2\/types\/page"}],"author":[{"embeddable":true,"href":"https:\/\/singavet.pt\/sg\/wp-json\/wp\/v2\/users\/2"}],"replies":[{"embeddable":true,"href":"https:\/\/singavet.pt\/sg\/wp-json\/wp\/v2\/comments?post=20"}],"version-history":[{"count":21,"href":"https:\/\/singavet.pt\/sg\/wp-json\/wp\/v2\/pages\/20\/revisions"}],"predecessor-version":[{"id":255,"href":"https:\/\/singavet.pt\/sg\/wp-json\/wp\/v2\/pages\/20\/revisions\/255"}],"up":[{"embeddable":true,"href":"https:\/\/singavet.pt\/sg\/wp-json\/wp\/v2\/pages\/4"}],"wp:attachment":[{"href":"https:\/\/singavet.pt\/sg\/wp-json\/wp\/v2\/media?parent=20"}],"curies":[{"name":"wp","href":"https:\/\/api.w.org\/{rel}","templated":true}]}}