{"id":24,"date":"2016-05-09T19:36:20","date_gmt":"2016-05-09T19:36:20","guid":{"rendered":"http:\/\/singavet.pt\/sg\/?page_id=24"},"modified":"2024-06-27T08:57:51","modified_gmt":"2024-06-27T08:57:51","slug":"animais-de-producao","status":"publish","type":"page","link":"https:\/\/singavet.pt\/sg\/servicos-2\/animais-de-producao\/","title":{"rendered":"Animais de Produ\u00e7\u00e3o"},"content":{"rendered":"<div id=\"pl-24\"  class=\"panel-layout\" ><div id=\"pg-24-0\"  class=\"panel-grid panel-no-style\" ><div id=\"pgc-24-0-0\"  class=\"panel-grid-cell\" ><div id=\"panel-24-0-0-0\" class=\"so-panel widget widget_sow-editor panel-first-child panel-last-child\" data-index=\"0\" ><div\n\t\t\t\n\t\t\tclass=\"so-widget-sow-editor so-widget-sow-editor-base\"\n\t\t\t\n\t\t>\n<div class=\"siteorigin-widget-tinymce textwidget\">\n\t<p><strong>MEDICINA INTERNA<\/strong><br \/> Consultas<br \/> Profilaxia m\u00e9dica e sanit\u00e1ria (vacina\u00e7\u00e3o, desparasita\u00e7\u00e3o, colheita de sangue, tuberculiniza\u00e7\u00e3o)<br \/> Reprodu\u00e7\u00e3o e obstetr\u00edcia<\/p>\n<p>\u00a0<\/p>\n<p><strong>MEIOS COMPLEMENTARES<\/strong><br \/> An\u00e1lises cl\u00ednicas<br \/> Ecografia reprodutiva<br \/> Exames androl\u00f3gicos<\/p>\n<p>\u00a0<\/p>\n<p><strong>CIRURGIA<\/strong><\/p>\n<p>\u00a0<\/p>\n<p><strong>OUTROS<\/strong><br \/> Identifica\u00e7\u00e3o electr\u00f3nica de pequenos ruminantes<br \/> Apoio aos produtores<\/p>\n<\/div>\n<\/div><\/div><\/div><\/div><\/div>","protected":false},"excerpt":{"rendered":"<p>MEDICINA INTERNA Consultas Profilaxia m\u00e9dica e sanit\u00e1ria (vacina\u00e7\u00e3o, desparasita\u00e7\u00e3o, colheita de sangue, tuberculiniza\u00e7\u00e3o) Reprodu\u00e7\u00e3o e obstetr\u00edcia\u00a0MEIOS COMPLEMENTARES An\u00e1lises cl\u00ednicas Ecografia reprodutiva Exames androl\u00f3gicos\u00a0CIRURGIA\u00a0OUTROS Identifica\u00e7\u00e3o electr\u00f3nica de pequenos ruminantes Apoio aos produtores<\/p>\n","protected":false},"author":2,"featured_media":0,"parent":7,"menu_order":0,"comment_status":"closed","ping_status":"closed","template":"","meta":{"footnotes":""},"class_list":["post-24","page","type-page","status-publish","hentry"],"_links":{"self":[{"href":"https:\/\/singavet.pt\/sg\/wp-json\/wp\/v2\/pages\/24","targetHints":{"allow":["GET"]}}],"collection":[{"href":"https:\/\/singavet.pt\/sg\/wp-json\/wp\/v2\/pages"}],"about":[{"href":"https:\/\/singavet.pt\/sg\/wp-json\/wp\/v2\/types\/page"}],"author":[{"embeddable":true,"href":"https:\/\/singavet.pt\/sg\/wp-json\/wp\/v2\/users\/2"}],"replies":[{"embeddable":true,"href":"https:\/\/singavet.pt\/sg\/wp-json\/wp\/v2\/comments?post=24"}],"version-history":[{"count":6,"href":"https:\/\/singavet.pt\/sg\/wp-json\/wp\/v2\/pages\/24\/revisions"}],"predecessor-version":[{"id":670,"href":"https:\/\/singavet.pt\/sg\/wp-json\/wp\/v2\/pages\/24\/revisions\/670"}],"up":[{"embeddable":true,"href":"https:\/\/singavet.pt\/sg\/wp-json\/wp\/v2\/pages\/7"}],"wp:attachment":[{"href":"https:\/\/singavet.pt\/sg\/wp-json\/wp\/v2\/media?parent=24"}],"curies":[{"name":"wp","href":"https:\/\/api.w.org\/{rel}","templated":true}]}}