{"id":256,"date":"2019-05-01T10:02:01","date_gmt":"2019-05-01T10:02:01","guid":{"rendered":"http:\/\/singavet.pt\/sg\/?page_id=256"},"modified":"2019-05-01T10:05:16","modified_gmt":"2019-05-01T10:05:16","slug":"boletim-sanitario-de-caes-e-gatos","status":"publish","type":"page","link":"https:\/\/singavet.pt\/sg\/informacoes\/boletim-sanitario-de-caes-e-gatos\/","title":{"rendered":"Boletim Sanit\u00e1rio de C\u00e3es e Gatos"},"content":{"rendered":"<p><a href=\"https:\/\/dre.pt\/web\/guest\/pesquisa\/-\/search\/116127014\/details\/normal?l=1\"><img loading=\"lazy\" decoding=\"async\" class=\"alignleft size-medium wp-image-259\" src=\"https:\/\/singavet.pt\/sg\/wp-content\/uploads\/2019\/05\/boletim_sanitrio-450x622-217x300.jpg\" alt=\"\" width=\"217\" height=\"300\" srcset=\"https:\/\/singavet.pt\/sg\/wp-content\/uploads\/2019\/05\/boletim_sanitrio-450x622-217x300.jpg 217w, https:\/\/singavet.pt\/sg\/wp-content\/uploads\/2019\/05\/boletim_sanitrio-450x622.jpg 450w\" sizes=\"auto, (max-width: 217px) 100vw, 217px\" \/><\/a>A partir de 01 de Abril de 2019\u00a0 os Boletins Sanit\u00e1rios de C\u00e3es e Gatos (boletins de vacinas) emitidos ter\u00e3o que ser obrigatoriamente do modelo em anexo.<\/p>\n<p>Apenas os M\u00e9dicos-Veterin\u00e1rios podem fornecer e emitir este documento oficial e os atos m\u00e9dico-veterin\u00e1rios nele registados s\u00f3 se consideram v\u00e1lidos ap\u00f3s a aposi\u00e7\u00e3o da vinheta m\u00e9dico-veterin\u00e1ria. Os boletins sanit\u00e1rios antigos, j\u00e1 emitidos \u00e0 data, mant\u00eam-se v\u00e1lidos at\u00e9 dia 31 de dezembro de 2021, pelo que devem ser gradualmente substitu\u00eddos pelo novo modelo.<\/p>\n<p>Estas medidas visam diminuir a ocorr\u00eancia de fraudes e usurpa\u00e7\u00e3o de compet\u00eancias, e garantir a sa\u00fade e seguran\u00e7a dos animais de companhia.<\/p>\n","protected":false},"excerpt":{"rendered":"<p>A partir de 01 de Abril de 2019\u00a0 os Boletins Sanit\u00e1rios de C\u00e3es e Gatos (boletins de vacinas) emitidos ter\u00e3o que ser obrigatoriamente do modelo em anexo. Apenas os M\u00e9dicos-Veterin\u00e1rios podem fornecer e emitir este documento oficial e os atos<\/p>\n","protected":false},"author":2,"featured_media":0,"parent":9,"menu_order":0,"comment_status":"closed","ping_status":"closed","template":"","meta":{"footnotes":""},"class_list":["post-256","page","type-page","status-publish","hentry"],"_links":{"self":[{"href":"https:\/\/singavet.pt\/sg\/wp-json\/wp\/v2\/pages\/256","targetHints":{"allow":["GET"]}}],"collection":[{"href":"https:\/\/singavet.pt\/sg\/wp-json\/wp\/v2\/pages"}],"about":[{"href":"https:\/\/singavet.pt\/sg\/wp-json\/wp\/v2\/types\/page"}],"author":[{"embeddable":true,"href":"https:\/\/singavet.pt\/sg\/wp-json\/wp\/v2\/users\/2"}],"replies":[{"embeddable":true,"href":"https:\/\/singavet.pt\/sg\/wp-json\/wp\/v2\/comments?post=256"}],"version-history":[{"count":2,"href":"https:\/\/singavet.pt\/sg\/wp-json\/wp\/v2\/pages\/256\/revisions"}],"predecessor-version":[{"id":260,"href":"https:\/\/singavet.pt\/sg\/wp-json\/wp\/v2\/pages\/256\/revisions\/260"}],"up":[{"embeddable":true,"href":"https:\/\/singavet.pt\/sg\/wp-json\/wp\/v2\/pages\/9"}],"wp:attachment":[{"href":"https:\/\/singavet.pt\/sg\/wp-json\/wp\/v2\/media?parent=256"}],"curies":[{"name":"wp","href":"https:\/\/api.w.org\/{rel}","templated":true}]}}