{"id":27,"date":"2016-05-09T19:38:54","date_gmt":"2016-05-09T19:38:54","guid":{"rendered":"http:\/\/singavet.pt\/sg\/?page_id=27"},"modified":"2016-10-19T23:49:02","modified_gmt":"2016-10-19T23:49:02","slug":"animais-perigosos","status":"publish","type":"page","link":"https:\/\/singavet.pt\/sg\/informacoes\/animais-perigosos\/","title":{"rendered":"Animais Perigosos"},"content":{"rendered":"<div id=\"pl-27\"  class=\"panel-layout\" ><div id=\"pg-27-0\"  class=\"panel-grid panel-no-style\" ><div id=\"pgc-27-0-0\"  class=\"panel-grid-cell\" ><div id=\"panel-27-0-0-0\" class=\"so-panel widget widget_sow-editor panel-first-child panel-last-child\" data-index=\"0\" ><div\n\t\t\t\n\t\t\tclass=\"so-widget-sow-editor so-widget-sow-editor-base\"\n\t\t\t\n\t\t>\n<div class=\"siteorigin-widget-tinymce textwidget\">\n\t<p><strong>RA\u00c7AS POTENCIALMENTE PERIGOSAS<\/strong><\/p>\n<ul>\n<li>C\u00e3o de Fila Brasileiro<\/li>\n<li>Dogue Argentino<\/li>\n<li>Pit Bull Terrier<\/li>\n<li>Rottweiller<\/li>\n<li>Staffordshire Terrier Americano<\/li>\n<li>Staffordshire Bull Terrier<\/li>\n<li>Tosa Inu<\/li>\n<\/ul>\n<p>\u00a0<\/p>\n<p><strong>SE POSSUIR UM ANIMAL DE RA\u00c7A POTENCIALMENTE PERIGOSA NECESSITA DE<\/strong><\/p>\n<ul>\n<li>Boletim de vacinas atualizado<\/li>\n<li>Comprovativo da identifica\u00e7\u00e3o eletr\u00f3nica (microchip)<\/li>\n<li>Comprovativo de castra\u00e7\u00e3o (\u00e9 obrigat\u00f3ria a castra\u00e7\u00e3o destes animais entre os 4 e os 6 meses de idade excetuando os animais inscritos no Livro de Origens Portuguesas)<\/li>\n<li>Termo de responsabilidade civil<\/li>\n<li>Registo criminal<\/li>\n<li>Seguro de responsabilidade civil<\/li>\n<li>Licen\u00e7a especial emitida pela Junta de Freguesia da \u00e1rea da resid\u00eancia e renovada anualmente.<\/li>\n<\/ul>\n<p><em>Para mais informa\u00e7\u00f5es contate-nos.<\/em><\/p>\n<\/div>\n<\/div><\/div><\/div><\/div><\/div>","protected":false},"excerpt":{"rendered":"<p>RA\u00c7AS POTENCIALMENTE PERIGOSASC\u00e3o de Fila BrasileiroDogue ArgentinoPit Bull TerrierRottweillerStaffordshire Terrier AmericanoStaffordshire Bull TerrierTosa Inu\u00a0SE POSSUIR UM ANIMAL DE RA\u00c7A POTENCIALMENTE PERIGOSA NECESSITA DEBoletim de vacinas atualizadoComprovativo da identifica\u00e7\u00e3o eletr\u00f3nica (microchip)Comprovativo de castra\u00e7\u00e3o (\u00e9 obrigat\u00f3ria a castra\u00e7\u00e3o destes animais entre os<\/p>\n","protected":false},"author":2,"featured_media":0,"parent":9,"menu_order":0,"comment_status":"closed","ping_status":"closed","template":"","meta":{"footnotes":""},"class_list":["post-27","page","type-page","status-publish","hentry"],"_links":{"self":[{"href":"https:\/\/singavet.pt\/sg\/wp-json\/wp\/v2\/pages\/27","targetHints":{"allow":["GET"]}}],"collection":[{"href":"https:\/\/singavet.pt\/sg\/wp-json\/wp\/v2\/pages"}],"about":[{"href":"https:\/\/singavet.pt\/sg\/wp-json\/wp\/v2\/types\/page"}],"author":[{"embeddable":true,"href":"https:\/\/singavet.pt\/sg\/wp-json\/wp\/v2\/users\/2"}],"replies":[{"embeddable":true,"href":"https:\/\/singavet.pt\/sg\/wp-json\/wp\/v2\/comments?post=27"}],"version-history":[{"count":6,"href":"https:\/\/singavet.pt\/sg\/wp-json\/wp\/v2\/pages\/27\/revisions"}],"predecessor-version":[{"id":169,"href":"https:\/\/singavet.pt\/sg\/wp-json\/wp\/v2\/pages\/27\/revisions\/169"}],"up":[{"embeddable":true,"href":"https:\/\/singavet.pt\/sg\/wp-json\/wp\/v2\/pages\/9"}],"wp:attachment":[{"href":"https:\/\/singavet.pt\/sg\/wp-json\/wp\/v2\/media?parent=27"}],"curies":[{"name":"wp","href":"https:\/\/api.w.org\/{rel}","templated":true}]}}