{"id":31,"date":"2016-05-09T19:41:39","date_gmt":"2016-05-09T19:41:39","guid":{"rendered":"http:\/\/singavet.pt\/sg\/?page_id=31"},"modified":"2016-10-20T08:36:29","modified_gmt":"2016-10-20T08:36:29","slug":"microchip","status":"publish","type":"page","link":"https:\/\/singavet.pt\/sg\/informacoes\/microchip\/","title":{"rendered":"Microchip"},"content":{"rendered":"<div id=\"pl-31\"  class=\"panel-layout\" ><div id=\"pg-31-0\"  class=\"panel-grid panel-no-style\" ><div id=\"pgc-31-0-0\"  class=\"panel-grid-cell\" ><div id=\"panel-31-0-0-0\" class=\"so-panel widget widget_sow-editor panel-first-child panel-last-child\" data-index=\"0\" ><div\n\t\t\t\n\t\t\tclass=\"so-widget-sow-editor so-widget-sow-editor-base\"\n\t\t\t\n\t\t>\n<div class=\"siteorigin-widget-tinymce textwidget\">\n\t<p align=\"JUSTIFY\"><span style=\"font-family: Arial, sans-serif;\"><b>O que \u00e9 o Microchip?<\/b><\/span><\/p>\n<p style=\"text-align: justify;\" align=\"JUSTIFY\"><span style=\"font-family: Arial, sans-serif;\">O microchip \u00e9 um micro objecto eletr\u00f3nico (do tamanho de um bago de arroz) aplicado no tecido subcut\u00e2neo (debaixo da pele) do animal, atrav\u00e9s de uma agulha.\u00a0<\/span><span style=\"font-family: Arial, sans-serif;\">A sua aplica\u00e7\u00e3o \u00e9 r\u00e1pida e indolor.<\/span><\/p>\n<p style=\"text-align: justify;\" align=\"JUSTIFY\"><span style=\"font-family: Arial, sans-serif;\">Cada microchip tem um n\u00famero eletr\u00f3nico \u00fanico, n\u00famero esse associado a todos os dados do dono do animal.<\/span><\/p>\n<p style=\"text-align: justify;\" align=\"JUSTIFY\">\u00a0<\/p>\n<p align=\"JUSTIFY\"><span style=\"font-family: Arial, sans-serif;\"><b>O uso do microchip \u00e9 obrigat\u00f3rio?<\/b><\/span><\/p>\n<p style=\"text-align: justify;\" align=\"JUSTIFY\"><span style=\"font-family: Arial, sans-serif;\">Sim. Para todos os c\u00e3es nascidos a partir de Julho de 2008.<\/span><\/p>\n<p style=\"text-align: justify;\" align=\"JUSTIFY\">\u00a0<\/p>\n<p align=\"JUSTIFY\"><span style=\"font-family: Arial, sans-serif;\"><b>A partir de que idade se pode colocar o microchip?<\/b><\/span><\/p>\n<p style=\"text-align: justify;\" align=\"JUSTIFY\"><span style=\"font-family: Arial, sans-serif;\">O microchip deve ser aplicado a partir dos 3-6 meses de idade.<\/span><\/p>\n<p style=\"text-align: justify;\" align=\"JUSTIFY\"><span style=\"font-family: Arial, sans-serif;\">Com a identifica\u00e7\u00e3o eletr\u00f3nica \u00e9 poss\u00edvel provar o propriet\u00e1rio do animal, evitar roubos do mesmo e recuperar animais perdidos.<\/span><\/p>\n<p style=\"text-align: justify;\" align=\"JUSTIFY\">\u00a0<\/p>\n<p align=\"JUSTIFY\"><em>Para mais informa\u00e7\u00f5es contate-nos.<\/em><\/p>\n<\/div>\n<\/div><\/div><\/div><\/div><\/div>","protected":false},"excerpt":{"rendered":"<p>O que \u00e9 o Microchip?O microchip \u00e9 um micro objecto eletr\u00f3nico (do tamanho de um bago de arroz) aplicado no tecido subcut\u00e2neo (debaixo da pele) do animal, atrav\u00e9s de uma agulha.\u00a0A sua aplica\u00e7\u00e3o \u00e9 r\u00e1pida e indolor.Cada microchip tem um<\/p>\n","protected":false},"author":2,"featured_media":0,"parent":9,"menu_order":0,"comment_status":"closed","ping_status":"closed","template":"","meta":{"footnotes":""},"class_list":["post-31","page","type-page","status-publish","hentry"],"_links":{"self":[{"href":"https:\/\/singavet.pt\/sg\/wp-json\/wp\/v2\/pages\/31","targetHints":{"allow":["GET"]}}],"collection":[{"href":"https:\/\/singavet.pt\/sg\/wp-json\/wp\/v2\/pages"}],"about":[{"href":"https:\/\/singavet.pt\/sg\/wp-json\/wp\/v2\/types\/page"}],"author":[{"embeddable":true,"href":"https:\/\/singavet.pt\/sg\/wp-json\/wp\/v2\/users\/2"}],"replies":[{"embeddable":true,"href":"https:\/\/singavet.pt\/sg\/wp-json\/wp\/v2\/comments?post=31"}],"version-history":[{"count":5,"href":"https:\/\/singavet.pt\/sg\/wp-json\/wp\/v2\/pages\/31\/revisions"}],"predecessor-version":[{"id":193,"href":"https:\/\/singavet.pt\/sg\/wp-json\/wp\/v2\/pages\/31\/revisions\/193"}],"up":[{"embeddable":true,"href":"https:\/\/singavet.pt\/sg\/wp-json\/wp\/v2\/pages\/9"}],"wp:attachment":[{"href":"https:\/\/singavet.pt\/sg\/wp-json\/wp\/v2\/media?parent=31"}],"curies":[{"name":"wp","href":"https:\/\/api.w.org\/{rel}","templated":true}]}}