{"id":40,"date":"2016-05-09T19:47:16","date_gmt":"2016-05-09T19:47:16","guid":{"rendered":"http:\/\/singavet.pt\/sg\/?page_id=40"},"modified":"2016-10-19T23:52:49","modified_gmt":"2016-10-19T23:52:49","slug":"doenca-de-aujesky","status":"publish","type":"page","link":"https:\/\/singavet.pt\/sg\/informacoes\/doenca-de-aujesky\/","title":{"rendered":"Doen\u00e7a de Aujesky"},"content":{"rendered":"<div id=\"pl-40\"  class=\"panel-layout\" ><div id=\"pg-40-0\"  class=\"panel-grid panel-no-style\" ><div id=\"pgc-40-0-0\"  class=\"panel-grid-cell\" ><div id=\"panel-40-0-0-0\" class=\"so-panel widget widget_sow-editor panel-first-child panel-last-child\" data-index=\"0\" ><div\n\t\t\t\n\t\t\tclass=\"so-widget-sow-editor so-widget-sow-editor-base\"\n\t\t\t\n\t\t>\n<div class=\"siteorigin-widget-tinymce textwidget\">\n\t<p style=\"text-align: justify;\">A doen\u00e7a de Aujesky constitui um dos grandes problemas sanit\u00e1rios que afetam\u00a0 o setor suin\u00edcola, quer a n\u00edvel nacional quer a n\u00edvel comunit\u00e1rio, situa\u00e7\u00e3o que obrigou os Estados Membros a desenvolverem planos de controlo e erradica\u00e7\u00e3o desta doen\u00e7a.<\/p>\n<p style=\"text-align: justify;\">Foi por isso aprovado o Plano de Controlo e Erradica\u00e7\u00e3o da Doen\u00e7a de Aujesky (PCEDA), atrav\u00e9s do Decreto-Lei n\u00ba 85\/2012, de 5 de abril, alterado pelo Decreto-Lei n\u00ba 222\/2012, de 15 de outubro.<\/p>\n<p style=\"text-align: justify;\"><em>Para mais informa\u00e7\u00f5es contate-nos.<\/em><\/p>\n<\/div>\n<\/div><\/div><\/div><\/div><\/div>","protected":false},"excerpt":{"rendered":"<p>A doen\u00e7a de Aujesky constitui um dos grandes problemas sanit\u00e1rios que afetam\u00a0 o setor suin\u00edcola, quer a n\u00edvel nacional quer a n\u00edvel comunit\u00e1rio, situa\u00e7\u00e3o que obrigou os Estados Membros a desenvolverem planos de controlo e erradica\u00e7\u00e3o desta doen\u00e7a.Foi por isso<\/p>\n","protected":false},"author":2,"featured_media":0,"parent":9,"menu_order":0,"comment_status":"closed","ping_status":"closed","template":"","meta":{"footnotes":""},"class_list":["post-40","page","type-page","status-publish","hentry"],"_links":{"self":[{"href":"https:\/\/singavet.pt\/sg\/wp-json\/wp\/v2\/pages\/40","targetHints":{"allow":["GET"]}}],"collection":[{"href":"https:\/\/singavet.pt\/sg\/wp-json\/wp\/v2\/pages"}],"about":[{"href":"https:\/\/singavet.pt\/sg\/wp-json\/wp\/v2\/types\/page"}],"author":[{"embeddable":true,"href":"https:\/\/singavet.pt\/sg\/wp-json\/wp\/v2\/users\/2"}],"replies":[{"embeddable":true,"href":"https:\/\/singavet.pt\/sg\/wp-json\/wp\/v2\/comments?post=40"}],"version-history":[{"count":2,"href":"https:\/\/singavet.pt\/sg\/wp-json\/wp\/v2\/pages\/40\/revisions"}],"predecessor-version":[{"id":172,"href":"https:\/\/singavet.pt\/sg\/wp-json\/wp\/v2\/pages\/40\/revisions\/172"}],"up":[{"embeddable":true,"href":"https:\/\/singavet.pt\/sg\/wp-json\/wp\/v2\/pages\/9"}],"wp:attachment":[{"href":"https:\/\/singavet.pt\/sg\/wp-json\/wp\/v2\/media?parent=40"}],"curies":[{"name":"wp","href":"https:\/\/api.w.org\/{rel}","templated":true}]}}