{"id":7,"date":"2016-05-09T18:22:32","date_gmt":"2016-05-09T18:22:32","guid":{"rendered":"http:\/\/singavet.pt\/sg\/?page_id=7"},"modified":"2024-06-27T08:57:03","modified_gmt":"2024-06-27T08:57:03","slug":"servicos-2","status":"publish","type":"page","link":"https:\/\/singavet.pt\/sg\/servicos-2\/","title":{"rendered":"Servi\u00e7os"},"content":{"rendered":"<div id=\"pl-7\"  class=\"panel-layout\" ><div id=\"pg-7-0\"  class=\"panel-grid panel-no-style\" ><div id=\"pgc-7-0-0\"  class=\"panel-grid-cell\" ><div id=\"panel-7-0-0-0\" class=\"so-panel widget widget_pagesinwidgets_page_section pagesinwidgets_page_section panel-first-child panel-last-child\" data-index=\"0\" >\t\t\t<div class=\"homepage_section\">\r\n\t\t\t\t<div id=\"pl-22\"  class=\"panel-layout\" ><div id=\"pg-22-0\"  class=\"panel-grid panel-no-style\" ><div id=\"pgc-22-0-0\"  class=\"panel-grid-cell\" ><div id=\"panel-22-0-0-0\" class=\"so-panel widget widget_sow-editor panel-first-child panel-last-child\" data-index=\"0\" ><div\n\t\t\t\n\t\t\tclass=\"so-widget-sow-editor so-widget-sow-editor-base\"\n\t\t\t\n\t\t>\n<div class=\"siteorigin-widget-tinymce textwidget\">\n\t<p><strong>MEDICINA INTERNA<\/strong><br \/> Cardiologia<br \/> Comportamento Animal<br \/> Dermatologia<br \/> Doen\u00e7as Infeciosas<br \/> Endocrinologia<br \/> Gastroenterologia<br \/> Ginecologia\/Obstetr\u00edcia<br \/> Neonatologia<br \/> Nutri\u00e7\u00e3o<br \/> Odontologia<br \/> Oftalmologia<br \/> Oncologia<br \/> Pneumologia<br \/> Profilaxia (Vacina\u00e7\u00e3o, Desparasita\u00e7\u00e3o, Aplica\u00e7\u00e3o de Microchip)<br \/> Urologia<\/p>\n<\/div>\n<\/div><\/div><\/div><div id=\"pgc-22-0-1\"  class=\"panel-grid-cell\" ><div id=\"panel-22-0-1-0\" class=\"so-panel widget widget_sow-editor panel-first-child panel-last-child\" data-index=\"1\" ><div\n\t\t\t\n\t\t\tclass=\"so-widget-sow-editor so-widget-sow-editor-base\"\n\t\t\t\n\t\t>\n<div class=\"siteorigin-widget-tinymce textwidget\">\n\t<p><strong>CIRURGIA<\/strong><br \/> Cirurgia Geral<br \/> Cirurgia Ortop\u00e9dica<\/p>\n<p>\u00a0<\/p>\n<p><strong>MEIOS COMPLEMENTARES<\/strong><br \/> An\u00e1lises Cl\u00ednicas<br \/> Ecografia<br \/> Electrocardiografia<br \/> Radiografia Digital<\/p>\n<\/div>\n<\/div><\/div><\/div><\/div><div id=\"pg-22-1\"  class=\"panel-grid panel-no-style\" ><div id=\"pgc-22-1-0\"  class=\"panel-grid-cell panel-grid-cell-mobile-last\" ><div id=\"panel-22-1-0-0\" class=\"so-panel widget widget_sow-editor panel-first-child panel-last-child\" data-index=\"2\" ><div\n\t\t\t\n\t\t\tclass=\"so-widget-sow-editor so-widget-sow-editor-base\"\n\t\t\t\n\t\t>\n<div class=\"siteorigin-widget-tinymce textwidget\">\n\t<p><strong>OUTROS<\/strong><br \/>\nConsulta de Animais Ex\u00f3ticos<br \/>\nDomic\u00edlios<br \/>\nInternamento<br \/>\nBanhos e Tosquias<\/p>\n<\/div>\n<\/div><\/div><\/div><div id=\"pgc-22-1-1\"  class=\"panel-grid-cell panel-grid-cell-empty\" ><\/div><\/div><\/div>\t\t\t\t<\/div>\r\n\t\t\t<\/div><\/div><\/div><\/div>","protected":false},"excerpt":{"rendered":"<p>MEDICINA INTERNA Cardiologia Comportamento Animal Dermatologia Doen\u00e7as Infeciosas Endocrinologia Gastroenterologia Ginecologia\/Obstetr\u00edcia Neonatologia Nutri\u00e7\u00e3o Odontologia Oftalmologia Oncologia Pneumologia Profilaxia (Vacina\u00e7\u00e3o, Desparasita\u00e7\u00e3o, Aplica\u00e7\u00e3o de Microchip) Urologia CIRURGIA Cirurgia Geral Cirurgia Ortop\u00e9dica \u00a0 MEIOS COMPLEMENTARES An\u00e1lises Cl\u00ednicas Ecografia Electrocardiografia Radiografia Digital OUTROS Consulta<\/p>\n","protected":false},"author":2,"featured_media":0,"parent":0,"menu_order":3,"comment_status":"closed","ping_status":"closed","template":"","meta":{"footnotes":""},"class_list":["post-7","page","type-page","status-publish","hentry"],"_links":{"self":[{"href":"https:\/\/singavet.pt\/sg\/wp-json\/wp\/v2\/pages\/7","targetHints":{"allow":["GET"]}}],"collection":[{"href":"https:\/\/singavet.pt\/sg\/wp-json\/wp\/v2\/pages"}],"about":[{"href":"https:\/\/singavet.pt\/sg\/wp-json\/wp\/v2\/types\/page"}],"author":[{"embeddable":true,"href":"https:\/\/singavet.pt\/sg\/wp-json\/wp\/v2\/users\/2"}],"replies":[{"embeddable":true,"href":"https:\/\/singavet.pt\/sg\/wp-json\/wp\/v2\/comments?post=7"}],"version-history":[{"count":3,"href":"https:\/\/singavet.pt\/sg\/wp-json\/wp\/v2\/pages\/7\/revisions"}],"predecessor-version":[{"id":668,"href":"https:\/\/singavet.pt\/sg\/wp-json\/wp\/v2\/pages\/7\/revisions\/668"}],"wp:attachment":[{"href":"https:\/\/singavet.pt\/sg\/wp-json\/wp\/v2\/media?parent=7"}],"curies":[{"name":"wp","href":"https:\/\/api.w.org\/{rel}","templated":true}]}}