{"id":76,"date":"2016-06-13T11:50:30","date_gmt":"2016-06-13T11:50:30","guid":{"rendered":"http:\/\/singavet.pt\/sg\/?page_id=76"},"modified":"2020-01-20T23:42:55","modified_gmt":"2020-01-20T23:42:55","slug":"resolucao-de-conflitos-de-consumo-geral","status":"publish","type":"page","link":"https:\/\/singavet.pt\/sg\/centro-veterinario\/resolucao-de-conflitos-de-consumo-geral\/","title":{"rendered":"Resolu\u00e7\u00e3o de Conflitos de Consumo &#8211; Geral"},"content":{"rendered":"<div id=\"pl-76\"  class=\"panel-layout\" ><div id=\"pg-76-0\"  class=\"panel-grid panel-no-style\" ><div id=\"pgc-76-0-0\"  class=\"panel-grid-cell\" ><div id=\"panel-76-0-0-0\" class=\"so-panel widget widget_sow-editor panel-first-child panel-last-child\" data-index=\"0\" ><div\n\t\t\t\n\t\t\tclass=\"so-widget-sow-editor so-widget-sow-editor-base\"\n\t\t\t\n\t\t>\n<div class=\"siteorigin-widget-tinymce textwidget\">\n\t<p>Empresa aderente do Centro de Arbitragem CNIACC - Centro Nacional de Informa\u00e7\u00e3o e Arbitragem de Conflitos de Consumo, com os seguintes contatos:<\/p>\n<ul>\n<li>Morada: Faculdade de Direito da Universidade Nova de Lisboa - Campus de Campolide - 1099-032 Lisboa<\/li>\n<li>Telefone: <a href=\"tel:00351213847484\">+351 21 384 7484<\/a><\/li>\n<li>E-mail: <span id=\"cloak51042\"><a href=\"mailto:cniacc@fd.unl.pt\">cniacc@fd.unl.pt<\/a><\/span><\/li>\n<li>Site: <a href=\"http:\/\/www.arbitragemdeconsumo.org\/\">http:\/\/www.arbitragemdeconsumo.org\/<\/a><\/li>\n<li>Facebook: <a href=\"https:\/\/www.facebook.com\/cniacc\" target=\"_blank\" rel=\"noopener\">https\/\/www.facebook.com\/cniacc<\/a><\/li>\n<\/ul>\n<p>Em caso de lit\u00edgio o consumidor pode recorrer a esta Entidade de Resolu\u00e7\u00e3o de Lit\u00edgios.\u00a0Mais informa\u00e7\u00f5es em Portal do Consumidor <a href=\"http:\/\/www.consumidor.pt\" target=\"_blank\" rel=\"noopener\">www.consumidor.pt<\/a><\/p>\n<p><img loading=\"lazy\" decoding=\"async\" class=\"alignnone size-medium wp-image-78\" src=\"https:\/\/singavet.pt\/sg\/wp-content\/uploads\/2016\/06\/Modelo_de_Distico_-_Adesao_Plena-page-001-225x300.jpg\" alt=\"Modelo_de_Distico_-_Adesao_Plena-page-001\" width=\"225\" height=\"300\" srcset=\"https:\/\/singavet.pt\/sg\/wp-content\/uploads\/2016\/06\/Modelo_de_Distico_-_Adesao_Plena-page-001-225x300.jpg 225w, https:\/\/singavet.pt\/sg\/wp-content\/uploads\/2016\/06\/Modelo_de_Distico_-_Adesao_Plena-page-001-768x1024.jpg 768w, https:\/\/singavet.pt\/sg\/wp-content\/uploads\/2016\/06\/Modelo_de_Distico_-_Adesao_Plena-page-001.jpg 1240w\" sizes=\"auto, (max-width: 225px) 100vw, 225px\" \/><\/p>\n<\/div>\n<\/div><\/div><\/div><\/div><\/div>","protected":false},"excerpt":{"rendered":"<p>Empresa aderente do Centro de Arbitragem CNIACC &#8211; Centro Nacional de Informa\u00e7\u00e3o e Arbitragem de Conflitos de Consumo, com os seguintes contatos: Morada: Faculdade de Direito da Universidade Nova de Lisboa &#8211; Campus de Campolide &#8211; 1099-032 Lisboa Telefone: +351<\/p>\n","protected":false},"author":2,"featured_media":0,"parent":4,"menu_order":0,"comment_status":"closed","ping_status":"closed","template":"","meta":{"footnotes":""},"class_list":["post-76","page","type-page","status-publish","hentry"],"_links":{"self":[{"href":"https:\/\/singavet.pt\/sg\/wp-json\/wp\/v2\/pages\/76","targetHints":{"allow":["GET"]}}],"collection":[{"href":"https:\/\/singavet.pt\/sg\/wp-json\/wp\/v2\/pages"}],"about":[{"href":"https:\/\/singavet.pt\/sg\/wp-json\/wp\/v2\/types\/page"}],"author":[{"embeddable":true,"href":"https:\/\/singavet.pt\/sg\/wp-json\/wp\/v2\/users\/2"}],"replies":[{"embeddable":true,"href":"https:\/\/singavet.pt\/sg\/wp-json\/wp\/v2\/comments?post=76"}],"version-history":[{"count":7,"href":"https:\/\/singavet.pt\/sg\/wp-json\/wp\/v2\/pages\/76\/revisions"}],"predecessor-version":[{"id":341,"href":"https:\/\/singavet.pt\/sg\/wp-json\/wp\/v2\/pages\/76\/revisions\/341"}],"up":[{"embeddable":true,"href":"https:\/\/singavet.pt\/sg\/wp-json\/wp\/v2\/pages\/4"}],"wp:attachment":[{"href":"https:\/\/singavet.pt\/sg\/wp-json\/wp\/v2\/media?parent=76"}],"curies":[{"name":"wp","href":"https:\/\/api.w.org\/{rel}","templated":true}]}}